{"id":5509,"date":"2026-03-30T20:46:28","date_gmt":"2026-03-30T20:46:28","guid":{"rendered":"https:\/\/stellaparentingwithlove.com\/?post_type=product&#038;p=5509"},"modified":"2026-04-09T21:44:19","modified_gmt":"2026-04-09T21:44:19","slug":"taller-presencial-para-nannies","status":"publish","type":"product","link":"https:\/\/stellaparentingwithlove.com\/en\/cursos\/taller-presencial-para-nannies\/","title":{"rendered":"Taller presencial para nannies"},"content":{"rendered":"<p><strong>\u00bfNotas a tu ni\u00f1o ansioso?<\/strong><\/p>\n<p><strong><br \/>\n\u00bfSientes que cuando le hablas simplemente no escucha\u2026 y ya no sabes qu\u00e9 hacer?<\/strong><\/p>\n<p>Te invitamos a un <strong>taller presencial para nannies y demas cuidadores<\/strong> donde abordaremos temas que hoy preocupan a muchas familias.<\/p>\n<p><strong>Ansiedad infantil<\/strong><\/p>\n<p><strong>Cuando no escuchan <\/strong><\/p>\n<p><strong>Y otros temas m\u00e1s\u2026.<\/strong><\/p>\n<p>Aprender\u00e1s herramientas claras, aplicables desde el primer d\u00eda para fortalecer el v\u00ednculo con los ni\u00f1os que tienes a cargo y recuperar la calma en casa.<\/p>\n<p>&nbsp;<\/p>\n<p><strong>Dirigido a nannies y demas cuidadores que desean educar con conciencia, firmeza y amor.<\/strong><\/p>\n<p><strong>Te espero\u2026..<\/strong><\/p>\n<p>&nbsp;<\/p>\n<p><strong>(Sal\u00f3n de conferencias, primer piso)<\/strong><\/p>\n<p><strong>(713)894-6682<\/strong><\/p>\n<p><strong>Costo Individual: $ 50.00 <\/strong><\/p>\n<p><strong>RECIBIR\u00c1S UN CERTIFICADO DE ASISTENCIA <\/strong><\/p>","protected":false},"excerpt":{"rendered":"<p>\u00bfNotas a tu ni\u00f1o ansioso? \u00bfSientes que cuando le hablas simplemente no escucha\u2026 y ya no sabes qu\u00e9 hacer? Te invitamos a un taller presencial para nannies y demas cuidadores donde abordaremos temas que hoy preocupan a muchas familias. Ansiedad infantil Cuando no escuchan Y otros temas m\u00e1s\u2026. Aprender\u00e1s herramientas claras, aplicables desde el primer [&hellip;]<\/p>\n","protected":false},"featured_media":5512,"template":"","meta":{"_acf_changed":false},"product_brand":[],"product_cat":[31],"product_tag":[],"class_list":{"0":"post-5509","1":"product","2":"type-product","3":"status-publish","4":"has-post-thumbnail","6":"product_cat-uncategorized","8":"first","9":"instock","10":"shipping-taxable","11":"purchasable","12":"product-type-simple"},"acf":[],"_links":{"self":[{"href":"https:\/\/stellaparentingwithlove.com\/en\/wp-json\/wp\/v2\/product\/5509","targetHints":{"allow":["GET"]}}],"collection":[{"href":"https:\/\/stellaparentingwithlove.com\/en\/wp-json\/wp\/v2\/product"}],"about":[{"href":"https:\/\/stellaparentingwithlove.com\/en\/wp-json\/wp\/v2\/types\/product"}],"wp:featuredmedia":[{"embeddable":true,"href":"https:\/\/stellaparentingwithlove.com\/en\/wp-json\/wp\/v2\/media\/5512"}],"wp:attachment":[{"href":"https:\/\/stellaparentingwithlove.com\/en\/wp-json\/wp\/v2\/media?parent=5509"}],"wp:term":[{"taxonomy":"product_brand","embeddable":true,"href":"https:\/\/stellaparentingwithlove.com\/en\/wp-json\/wp\/v2\/product_brand?post=5509"},{"taxonomy":"product_cat","embeddable":true,"href":"https:\/\/stellaparentingwithlove.com\/en\/wp-json\/wp\/v2\/product_cat?post=5509"},{"taxonomy":"product_tag","embeddable":true,"href":"https:\/\/stellaparentingwithlove.com\/en\/wp-json\/wp\/v2\/product_tag?post=5509"}],"curies":[{"name":"wp","href":"https:\/\/api.w.org\/{rel}","templated":true}]}}